{"id":2721,"date":"2026-03-01T05:45:02","date_gmt":"2026-03-01T05:45:02","guid":{"rendered":"https:\/\/mascotasipasa.com.mx\/?post_type=product&#038;p=2721"},"modified":"2026-03-01T05:45:38","modified_gmt":"2026-03-01T05:45:38","slug":"2721","status":"publish","type":"product","link":"https:\/\/mascotasipasa.com.mx\/index.php\/product\/2721\/","title":{"rendered":"RI\u00d1ONERA EN ACERO INOXIDABLE\u00a0 25.3X13X4.5 DH64 &#8220;G&#8221;"},"content":{"rendered":"<p>DISPONIBLES TRES TAMA\u00d1OS<\/p>\n<table width=\"549\">\n<tbody>\n<tr>\n<td width=\"82\">MP410N<\/td>\n<td width=\"467\">RI\u00d1ONERA EN ACERO INOXIDABLE 17.5X7.5X3 DH64 &#8220;CH&#8221;<\/td>\n<\/tr>\n<tr>\n<td>MP412N<\/td>\n<td>RI\u00d1ONERA EN ACERO INOXIDABLE 21X11X4 DH64 &#8220;M&#8221;<\/td>\n<\/tr>\n<tr>\n<td>MP414N<\/td>\n<td>RI\u00d1ONERA EN ACERO INOXIDABLE\u00a0 25.3X13X4.5 DH64 &#8220;G&#8221;<\/td>\n<\/tr>\n<\/tbody>\n<\/table>\n","protected":false},"excerpt":{"rendered":"<p>DISPONIBLES TRES TAMA\u00d1OS MP410N RI\u00d1ONERA EN ACERO INOXIDABLE 17.5X7.5X3 DH64 &#8220;CH&#8221; MP412N RI\u00d1ONERA EN ACERO INOXIDABLE 21X11X4 DH64 &#8220;M&#8221; MP414N RI\u00d1ONERA EN ACERO INOXIDABLE\u00a0 25.3X13X4.5 DH64 &#8220;G&#8221;<\/p>\n","protected":false},"featured_media":2677,"comment_status":"open","ping_status":"closed","template":"","meta":[],"product_cat":[100],"product_tag":[],"_links":{"self":[{"href":"https:\/\/mascotasipasa.com.mx\/index.php\/wp-json\/wp\/v2\/product\/2721"}],"collection":[{"href":"https:\/\/mascotasipasa.com.mx\/index.php\/wp-json\/wp\/v2\/product"}],"about":[{"href":"https:\/\/mascotasipasa.com.mx\/index.php\/wp-json\/wp\/v2\/types\/product"}],"replies":[{"embeddable":true,"href":"https:\/\/mascotasipasa.com.mx\/index.php\/wp-json\/wp\/v2\/comments?post=2721"}],"wp:featuredmedia":[{"embeddable":true,"href":"https:\/\/mascotasipasa.com.mx\/index.php\/wp-json\/wp\/v2\/media\/2677"}],"wp:attachment":[{"href":"https:\/\/mascotasipasa.com.mx\/index.php\/wp-json\/wp\/v2\/media?parent=2721"}],"wp:term":[{"taxonomy":"product_cat","embeddable":true,"href":"https:\/\/mascotasipasa.com.mx\/index.php\/wp-json\/wp\/v2\/product_cat?post=2721"},{"taxonomy":"product_tag","embeddable":true,"href":"https:\/\/mascotasipasa.com.mx\/index.php\/wp-json\/wp\/v2\/product_tag?post=2721"}],"curies":[{"name":"wp","href":"https:\/\/api.w.org\/{rel}","templated":true}]}}