{"id":2714,"date":"2026-03-01T04:46:16","date_gmt":"2026-03-01T04:46:16","guid":{"rendered":"https:\/\/mascotasipasa.com.mx\/?post_type=product&#038;p=2714"},"modified":"2026-03-01T04:46:16","modified_gmt":"2026-03-01T04:46:16","slug":"mesa-de-estetica-portatil","status":"publish","type":"product","link":"https:\/\/mascotasipasa.com.mx\/index.php\/product\/mesa-de-estetica-portatil\/","title":{"rendered":"Mesa de Est\u00e9tica Port\u00e1til"},"content":{"rendered":"","protected":false},"excerpt":{"rendered":"<p>Mesa Plegable para est\u00e1tica de animales, con un nivel porta accesorios medidas 55x95cm<\/p>\n","protected":false},"featured_media":2655,"comment_status":"open","ping_status":"closed","template":"","meta":[],"product_cat":[97,99],"product_tag":[],"_links":{"self":[{"href":"https:\/\/mascotasipasa.com.mx\/index.php\/wp-json\/wp\/v2\/product\/2714"}],"collection":[{"href":"https:\/\/mascotasipasa.com.mx\/index.php\/wp-json\/wp\/v2\/product"}],"about":[{"href":"https:\/\/mascotasipasa.com.mx\/index.php\/wp-json\/wp\/v2\/types\/product"}],"replies":[{"embeddable":true,"href":"https:\/\/mascotasipasa.com.mx\/index.php\/wp-json\/wp\/v2\/comments?post=2714"}],"wp:featuredmedia":[{"embeddable":true,"href":"https:\/\/mascotasipasa.com.mx\/index.php\/wp-json\/wp\/v2\/media\/2655"}],"wp:attachment":[{"href":"https:\/\/mascotasipasa.com.mx\/index.php\/wp-json\/wp\/v2\/media?parent=2714"}],"wp:term":[{"taxonomy":"product_cat","embeddable":true,"href":"https:\/\/mascotasipasa.com.mx\/index.php\/wp-json\/wp\/v2\/product_cat?post=2714"},{"taxonomy":"product_tag","embeddable":true,"href":"https:\/\/mascotasipasa.com.mx\/index.php\/wp-json\/wp\/v2\/product_tag?post=2714"}],"curies":[{"name":"wp","href":"https:\/\/api.w.org\/{rel}","templated":true}]}}