{"id":2620,"date":"2026-02-27T01:05:52","date_gmt":"2026-02-27T01:05:52","guid":{"rendered":"https:\/\/mascotasipasa.com.mx\/?post_type=product&#038;p=2620"},"modified":"2026-03-01T05:09:32","modified_gmt":"2026-03-01T05:09:32","slug":"rato-vision-ii","status":"publish","type":"product","link":"https:\/\/mascotasipasa.com.mx\/index.php\/product\/rato-vision-ii\/","title":{"rendered":"Microscopio Rato Vision II"},"content":{"rendered":"<h2 data-start=\"522\" data-end=\"552\">\u2699\ufe0f Caracter\u00edsticas T\u00e9cnicas<\/h2>\n<h3 data-start=\"554\" data-end=\"567\">\u2705 Funci\u00f3n<\/h3>\n<p data-start=\"568\" data-end=\"605\">RATO CASA analiza con alta precisi\u00f3n:<\/p>\n<ul data-start=\"606\" data-end=\"714\">\n<li data-start=\"606\" data-end=\"630\">\n<p data-start=\"608\" data-end=\"630\">Densidad esperm\u00e1tica<\/p>\n<\/li>\n<li data-start=\"631\" data-end=\"675\">\n<p data-start=\"633\" data-end=\"675\">Movimiento lineal de los espermatozoides<\/p>\n<\/li>\n<li data-start=\"676\" data-end=\"714\">\n<p data-start=\"678\" data-end=\"714\">Par\u00e1metros individuales por c\u00e9lula<\/p>\n<\/li>\n<\/ul>\n<p data-start=\"716\" data-end=\"782\">Elimina la variabilidad y el error causado por el an\u00e1lisis humano.<\/p>\n<hr data-start=\"784\" data-end=\"787\" \/>\n<h3 data-start=\"789\" data-end=\"805\">\ud83d\udee1 Seguridad<\/h3>\n<ul data-start=\"806\" data-end=\"1050\">\n<li data-start=\"806\" data-end=\"854\">\n<p data-start=\"808\" data-end=\"854\">An\u00e1lisis param\u00e9trico del movimiento celular.<\/p>\n<\/li>\n<li data-start=\"855\" data-end=\"911\">\n<p data-start=\"857\" data-end=\"911\">Medici\u00f3n altamente precisa de concentraci\u00f3n celular.<\/p>\n<\/li>\n<li data-start=\"912\" data-end=\"949\">\n<p data-start=\"914\" data-end=\"949\">Conteo exacto de espermatozoides.<\/p>\n<\/li>\n<li data-start=\"950\" data-end=\"1050\">\n<p data-start=\"952\" data-end=\"1050\">Seguimiento individual de cada espermatozoide para garantizar m\u00e1xima precisi\u00f3n en el campo visual.<\/p>\n<\/li>\n<\/ul>\n<hr data-start=\"1052\" data-end=\"1055\" \/>\n<h3 data-start=\"1057\" data-end=\"1070\">\u26a1 Rapidez<\/h3>\n<p data-start=\"1071\" data-end=\"1275\">En solo <strong data-start=\"1079\" data-end=\"1094\">20 segundos<\/strong> se realiza un an\u00e1lisis completo de calidad seminal.<br data-start=\"1146\" data-end=\"1149\" \/>El proceso est\u00e1 integrado con un programa inteligente de laboratorio con IA para mejorar la trazabilidad y control de calidad.<\/p>\n<hr data-start=\"1277\" data-end=\"1280\" \/>\n<h3 data-start=\"1282\" data-end=\"1309\">\ud83d\udcc1 Registro de Archivos<\/h3>\n<p data-start=\"1310\" data-end=\"1437\">Las im\u00e1genes, videos y todos los datos anal\u00edticos se almacenan autom\u00e1ticamente y pueden exportarse a otros formatos como Excel.<\/p>\n<hr data-start=\"1439\" data-end=\"1442\" \/>\n<h3 data-start=\"1444\" data-end=\"1461\">\ud83d\udcca Eficiencia<\/h3>\n<p data-start=\"1462\" data-end=\"1575\">Genera reportes detallados que pueden exportarse en hojas de c\u00e1lculo (Excel) para an\u00e1lisis y respaldo documental.<\/p>\n<hr data-start=\"1577\" data-end=\"1580\" \/>\n<h3 data-start=\"1582\" data-end=\"1610\">\ud83d\udd17 Compartici\u00f3n de Datos<\/h3>\n<p data-start=\"1611\" data-end=\"1698\">Los datos obtenidos pueden compartirse y comunicarse con otros instrumentos o sistemas.<\/p>\n","protected":false},"excerpt":{"rendered":"<p data-start=\"149\" data-end=\"369\"><strong data-start=\"149\" data-end=\"167\">RATO Vision II<\/strong> es un sistema CASA de alta precisi\u00f3n para an\u00e1lisis estandarizado e interactivo de semen.<br data-start=\"256\" data-end=\"259\" \/>Incluye microscopio, computadora, monitor y todos los accesorios necesarios (configurables seg\u00fan necesidad).<\/p>\n<p data-start=\"371\" data-end=\"515\">Cuenta con m\u00f3dulos de software adicionales disponibles.<br data-start=\"426\" data-end=\"429\" \/>RATO posee los derechos de propiedad intelectual independientes de este sistema \u00fanico.<\/p>\n","protected":false},"featured_media":2621,"comment_status":"open","ping_status":"closed","template":"","meta":[],"product_cat":[100],"product_tag":[],"_links":{"self":[{"href":"https:\/\/mascotasipasa.com.mx\/index.php\/wp-json\/wp\/v2\/product\/2620"}],"collection":[{"href":"https:\/\/mascotasipasa.com.mx\/index.php\/wp-json\/wp\/v2\/product"}],"about":[{"href":"https:\/\/mascotasipasa.com.mx\/index.php\/wp-json\/wp\/v2\/types\/product"}],"replies":[{"embeddable":true,"href":"https:\/\/mascotasipasa.com.mx\/index.php\/wp-json\/wp\/v2\/comments?post=2620"}],"wp:featuredmedia":[{"embeddable":true,"href":"https:\/\/mascotasipasa.com.mx\/index.php\/wp-json\/wp\/v2\/media\/2621"}],"wp:attachment":[{"href":"https:\/\/mascotasipasa.com.mx\/index.php\/wp-json\/wp\/v2\/media?parent=2620"}],"wp:term":[{"taxonomy":"product_cat","embeddable":true,"href":"https:\/\/mascotasipasa.com.mx\/index.php\/wp-json\/wp\/v2\/product_cat?post=2620"},{"taxonomy":"product_tag","embeddable":true,"href":"https:\/\/mascotasipasa.com.mx\/index.php\/wp-json\/wp\/v2\/product_tag?post=2620"}],"curies":[{"name":"wp","href":"https:\/\/api.w.org\/{rel}","templated":true}]}}