{"id":2595,"date":"2025-07-07T20:25:10","date_gmt":"2025-07-07T20:25:10","guid":{"rendered":"https:\/\/mascotasipasa.com.mx\/?post_type=product&#038;p=2595"},"modified":"2026-03-10T05:26:19","modified_gmt":"2026-03-10T05:26:19","slug":"2595","status":"publish","type":"product","link":"https:\/\/mascotasipasa.com.mx\/index.php\/product\/2595\/","title":{"rendered":"B\u00e1scula Pedi\u00e1trica, Capacidad De 20 Kg."},"content":{"rendered":"<p>B\u00e1scula para mascotas peque\u00f1as, tipo pedi\u00e1trica con capacidad de 20 kg y una divisi\u00f3n m\u00ednima de 5 g.<\/p>\n","protected":false},"excerpt":{"rendered":"<p>B\u00e1scula para mascotas peque\u00f1as, tipo pedi\u00e1trica con capacidad de 20 kg y una divisi\u00f3n m\u00ednima de 5 g.<\/p>\n","protected":false},"featured_media":2596,"comment_status":"open","ping_status":"closed","template":"","meta":[],"product_cat":[97,98,99],"product_tag":[],"_links":{"self":[{"href":"https:\/\/mascotasipasa.com.mx\/index.php\/wp-json\/wp\/v2\/product\/2595"}],"collection":[{"href":"https:\/\/mascotasipasa.com.mx\/index.php\/wp-json\/wp\/v2\/product"}],"about":[{"href":"https:\/\/mascotasipasa.com.mx\/index.php\/wp-json\/wp\/v2\/types\/product"}],"replies":[{"embeddable":true,"href":"https:\/\/mascotasipasa.com.mx\/index.php\/wp-json\/wp\/v2\/comments?post=2595"}],"wp:featuredmedia":[{"embeddable":true,"href":"https:\/\/mascotasipasa.com.mx\/index.php\/wp-json\/wp\/v2\/media\/2596"}],"wp:attachment":[{"href":"https:\/\/mascotasipasa.com.mx\/index.php\/wp-json\/wp\/v2\/media?parent=2595"}],"wp:term":[{"taxonomy":"product_cat","embeddable":true,"href":"https:\/\/mascotasipasa.com.mx\/index.php\/wp-json\/wp\/v2\/product_cat?post=2595"},{"taxonomy":"product_tag","embeddable":true,"href":"https:\/\/mascotasipasa.com.mx\/index.php\/wp-json\/wp\/v2\/product_tag?post=2595"}],"curies":[{"name":"wp","href":"https:\/\/api.w.org\/{rel}","templated":true}]}}