{"id":2592,"date":"2025-07-07T17:01:46","date_gmt":"2025-07-07T17:01:46","guid":{"rendered":"https:\/\/mascotasipasa.com.mx\/?post_type=product&#038;p=2592"},"modified":"2026-03-10T05:28:19","modified_gmt":"2026-03-10T05:28:19","slug":"ipasa-hielera-termica-color-azul","status":"publish","type":"product","link":"https:\/\/mascotasipasa.com.mx\/index.php\/product\/ipasa-hielera-termica-color-azul\/","title":{"rendered":"Ipasa Hielera T\u00e9rmica Color Azul"},"content":{"rendered":"<p>La Hielera T\u00e9rmica IPASA en color azul es la soluci\u00f3n ideal para mantener y transportar tu medicamentos y\/o semen fr\u00edos. Dise\u00f1ado con un material de nylon y material t\u00e9rmico de alta calidad, este refrigerador combina resistencia y capacidad t\u00e9rmica para ofrecer un rendimiento excepcional.<\/p>\n<p>Con dimensiones de 29.5 cm de largo, 19 cm de ancho y 20.5 cm de altura, esta hielera cuenta con un dise\u00f1o pr\u00e1ctico y port\u00e1til, perfecto para facilitar su transporte en cualquier entorno.<\/p>\n","protected":false},"excerpt":{"rendered":"<p>La Hielera T\u00e9rmica IPASA en color azul es la soluci\u00f3n ideal para mantener y transportar tu medicamentos y\/o semen fr\u00edos. Dise\u00f1ado con un material de nylon y material t\u00e9rmico de alta calidad, este refrigerador combina resistencia y capacidad t\u00e9rmica para ofrecer un rendimiento excepcional. Con<\/p>\n","protected":false},"featured_media":2593,"comment_status":"open","ping_status":"closed","template":"","meta":[],"product_cat":[100],"product_tag":[],"_links":{"self":[{"href":"https:\/\/mascotasipasa.com.mx\/index.php\/wp-json\/wp\/v2\/product\/2592"}],"collection":[{"href":"https:\/\/mascotasipasa.com.mx\/index.php\/wp-json\/wp\/v2\/product"}],"about":[{"href":"https:\/\/mascotasipasa.com.mx\/index.php\/wp-json\/wp\/v2\/types\/product"}],"replies":[{"embeddable":true,"href":"https:\/\/mascotasipasa.com.mx\/index.php\/wp-json\/wp\/v2\/comments?post=2592"}],"wp:featuredmedia":[{"embeddable":true,"href":"https:\/\/mascotasipasa.com.mx\/index.php\/wp-json\/wp\/v2\/media\/2593"}],"wp:attachment":[{"href":"https:\/\/mascotasipasa.com.mx\/index.php\/wp-json\/wp\/v2\/media?parent=2592"}],"wp:term":[{"taxonomy":"product_cat","embeddable":true,"href":"https:\/\/mascotasipasa.com.mx\/index.php\/wp-json\/wp\/v2\/product_cat?post=2592"},{"taxonomy":"product_tag","embeddable":true,"href":"https:\/\/mascotasipasa.com.mx\/index.php\/wp-json\/wp\/v2\/product_tag?post=2592"}],"curies":[{"name":"wp","href":"https:\/\/api.w.org\/{rel}","templated":true}]}}