{"id":2589,"date":"2025-07-02T16:11:00","date_gmt":"2025-07-02T16:11:00","guid":{"rendered":"https:\/\/mascotasipasa.com.mx\/?post_type=product&#038;p=2589"},"modified":"2026-03-10T05:26:31","modified_gmt":"2026-03-10T05:26:31","slug":"canil-hospitalario-para-perros-y-gatos-sin-rodado","status":"publish","type":"product","link":"https:\/\/mascotasipasa.com.mx\/index.php\/product\/canil-hospitalario-para-perros-y-gatos-sin-rodado\/","title":{"rendered":"Canil Hospitalario Para Perros Y Gatos (sin Rodado)"},"content":{"rendered":"<p>Secci\u00f3n de modular vertical, sin rodado, perfecto para recuperaci\u00f3n, aislamiento y observaci\u00f3n, apto para estancia temporal en cl\u00ednicas y albergues, con bandejas para una limpieza f\u00e1cil, adaptado para transportaci\u00f3n y viaje.<\/p>\n","protected":false},"excerpt":{"rendered":"<p>Secci\u00f3n de modular vertical, sin rodado, perfecto para recuperaci\u00f3n, aislamiento y observaci\u00f3n, apto para estancia temporal en cl\u00ednicas y albergues, con bandejas para una limpieza f\u00e1cil, adaptado para transportaci\u00f3n y viaje.<\/p>\n","protected":false},"featured_media":2590,"comment_status":"open","ping_status":"closed","template":"","meta":[],"product_cat":[97,98,99],"product_tag":[],"_links":{"self":[{"href":"https:\/\/mascotasipasa.com.mx\/index.php\/wp-json\/wp\/v2\/product\/2589"}],"collection":[{"href":"https:\/\/mascotasipasa.com.mx\/index.php\/wp-json\/wp\/v2\/product"}],"about":[{"href":"https:\/\/mascotasipasa.com.mx\/index.php\/wp-json\/wp\/v2\/types\/product"}],"replies":[{"embeddable":true,"href":"https:\/\/mascotasipasa.com.mx\/index.php\/wp-json\/wp\/v2\/comments?post=2589"}],"wp:featuredmedia":[{"embeddable":true,"href":"https:\/\/mascotasipasa.com.mx\/index.php\/wp-json\/wp\/v2\/media\/2590"}],"wp:attachment":[{"href":"https:\/\/mascotasipasa.com.mx\/index.php\/wp-json\/wp\/v2\/media?parent=2589"}],"wp:term":[{"taxonomy":"product_cat","embeddable":true,"href":"https:\/\/mascotasipasa.com.mx\/index.php\/wp-json\/wp\/v2\/product_cat?post=2589"},{"taxonomy":"product_tag","embeddable":true,"href":"https:\/\/mascotasipasa.com.mx\/index.php\/wp-json\/wp\/v2\/product_tag?post=2589"}],"curies":[{"name":"wp","href":"https:\/\/api.w.org\/{rel}","templated":true}]}}